{"id":4143,"date":"2022-01-13T22:01:09","date_gmt":"2022-01-13T22:01:09","guid":{"rendered":"https:\/\/mithe-espelt.online\/?post_type=product&#038;p=4143"},"modified":"2023-04-04T16:26:35","modified_gmt":"2023-04-04T16:26:35","slug":"mithe-espelt-le-luxe-discret-du-quotidien-6","status":"publish","type":"product","link":"https:\/\/mithe-espelt.online\/en\/product\/mithe-espelt-le-luxe-discret-du-quotidien-6\/","title":{"rendered":"Mith\u00e9 ESPELT"},"content":{"rendered":"","protected":false},"excerpt":{"rendered":"<p>L&#8217;ouvrage de r\u00e9f\u00e9rence sur l&#8217;\u0153uvre de Mith\u00e9 Espelt.<\/p>","protected":false},"featured_media":1199,"comment_status":"closed","ping_status":"closed","template":"","meta":[],"product_brand":[],"product_cat":[45],"product_tag":[],"class_list":{"0":"post-4143","1":"product","2":"type-product","3":"status-publish","4":"has-post-thumbnail","6":"product_cat-store","8":"first","9":"instock","10":"sold-individually","11":"shipping-taxable","12":"purchasable","13":"product-type-variable"},"_links":{"self":[{"href":"https:\/\/mithe-espelt.online\/en\/wp-json\/wp\/v2\/product\/4143","targetHints":{"allow":["GET"]}}],"collection":[{"href":"https:\/\/mithe-espelt.online\/en\/wp-json\/wp\/v2\/product"}],"about":[{"href":"https:\/\/mithe-espelt.online\/en\/wp-json\/wp\/v2\/types\/product"}],"replies":[{"embeddable":true,"href":"https:\/\/mithe-espelt.online\/en\/wp-json\/wp\/v2\/comments?post=4143"}],"wp:featuredmedia":[{"embeddable":true,"href":"https:\/\/mithe-espelt.online\/en\/wp-json\/wp\/v2\/media\/1199"}],"wp:attachment":[{"href":"https:\/\/mithe-espelt.online\/en\/wp-json\/wp\/v2\/media?parent=4143"}],"wp:term":[{"taxonomy":"product_brand","embeddable":true,"href":"https:\/\/mithe-espelt.online\/en\/wp-json\/wp\/v2\/product_brand?post=4143"},{"taxonomy":"product_cat","embeddable":true,"href":"https:\/\/mithe-espelt.online\/en\/wp-json\/wp\/v2\/product_cat?post=4143"},{"taxonomy":"product_tag","embeddable":true,"href":"https:\/\/mithe-espelt.online\/en\/wp-json\/wp\/v2\/product_tag?post=4143"}],"curies":[{"name":"wp","href":"https:\/\/api.w.org\/{rel}","templated":true}]}}