{"id":1988,"date":"2021-03-05T12:36:58","date_gmt":"2021-03-05T12:36:58","guid":{"rendered":"https:\/\/mithe-espelt.online\/?post_type=product&#038;p=1988"},"modified":"2023-04-04T16:26:12","modified_gmt":"2023-04-04T16:26:12","slug":"coffret-vers-1987-1990","status":"publish","type":"product","link":"https:\/\/mithe-espelt.online\/en\/product\/coffret-vers-1987-1990\/","title":{"rendered":"Coffret vers 1987\/1990"},"content":{"rendered":"","protected":false},"excerpt":{"rendered":"<p>couvercle en terre estamp\u00e9e, verre cristallis\u00e9 et or craquel\u00e9<br \/>\nmod\u00e8le \u00ab\u00a0Vitrail\u00a0\u00bb<br \/>\ncoffret en bois \u00e9bonis\u00e9<br \/>\n24 x 14 x 6 cm<\/p>","protected":false},"featured_media":1989,"comment_status":"closed","ping_status":"closed","template":"","meta":[],"product_brand":[],"product_cat":[31],"product_tag":[],"class_list":{"0":"post-1988","1":"product","2":"type-product","3":"status-publish","4":"has-post-thumbnail","6":"product_cat-coffrets","8":"first","9":"instock","10":"sold-individually","11":"shipping-taxable","12":"product-type-simple"},"_links":{"self":[{"href":"https:\/\/mithe-espelt.online\/en\/wp-json\/wp\/v2\/product\/1988","targetHints":{"allow":["GET"]}}],"collection":[{"href":"https:\/\/mithe-espelt.online\/en\/wp-json\/wp\/v2\/product"}],"about":[{"href":"https:\/\/mithe-espelt.online\/en\/wp-json\/wp\/v2\/types\/product"}],"replies":[{"embeddable":true,"href":"https:\/\/mithe-espelt.online\/en\/wp-json\/wp\/v2\/comments?post=1988"}],"wp:featuredmedia":[{"embeddable":true,"href":"https:\/\/mithe-espelt.online\/en\/wp-json\/wp\/v2\/media\/1989"}],"wp:attachment":[{"href":"https:\/\/mithe-espelt.online\/en\/wp-json\/wp\/v2\/media?parent=1988"}],"wp:term":[{"taxonomy":"product_brand","embeddable":true,"href":"https:\/\/mithe-espelt.online\/en\/wp-json\/wp\/v2\/product_brand?post=1988"},{"taxonomy":"product_cat","embeddable":true,"href":"https:\/\/mithe-espelt.online\/en\/wp-json\/wp\/v2\/product_cat?post=1988"},{"taxonomy":"product_tag","embeddable":true,"href":"https:\/\/mithe-espelt.online\/en\/wp-json\/wp\/v2\/product_tag?post=1988"}],"curies":[{"name":"wp","href":"https:\/\/api.w.org\/{rel}","templated":true}]}}