{"id":1911,"date":"2021-03-04T13:18:32","date_gmt":"2021-03-04T13:18:32","guid":{"rendered":"https:\/\/mithe-espelt.online\/?post_type=product&#038;p=1911"},"modified":"2023-04-04T16:26:14","modified_gmt":"2023-04-04T16:26:14","slug":"miroir-mural-vers-1956","status":"publish","type":"product","link":"https:\/\/mithe-espelt.online\/en\/product\/miroir-mural-vers-1956\/","title":{"rendered":"Miroir mural, vers 1956"},"content":{"rendered":"","protected":false},"excerpt":{"rendered":"<p>terre estamp\u00e9e, verre cristallis\u00e9 et or craquel\u00e9<br \/>\nhauteur 23 cm<br \/>\nmod\u00e8le reproduit dans la monographie page 113<\/p>","protected":false},"featured_media":1912,"comment_status":"closed","ping_status":"closed","template":"","meta":[],"product_brand":[],"product_cat":[33],"product_tag":[],"class_list":{"0":"post-1911","1":"product","2":"type-product","3":"status-publish","4":"has-post-thumbnail","6":"product_cat-miroirs","8":"first","9":"instock","10":"sold-individually","11":"shipping-taxable","12":"product-type-simple"},"_links":{"self":[{"href":"https:\/\/mithe-espelt.online\/en\/wp-json\/wp\/v2\/product\/1911","targetHints":{"allow":["GET"]}}],"collection":[{"href":"https:\/\/mithe-espelt.online\/en\/wp-json\/wp\/v2\/product"}],"about":[{"href":"https:\/\/mithe-espelt.online\/en\/wp-json\/wp\/v2\/types\/product"}],"replies":[{"embeddable":true,"href":"https:\/\/mithe-espelt.online\/en\/wp-json\/wp\/v2\/comments?post=1911"}],"wp:featuredmedia":[{"embeddable":true,"href":"https:\/\/mithe-espelt.online\/en\/wp-json\/wp\/v2\/media\/1912"}],"wp:attachment":[{"href":"https:\/\/mithe-espelt.online\/en\/wp-json\/wp\/v2\/media?parent=1911"}],"wp:term":[{"taxonomy":"product_brand","embeddable":true,"href":"https:\/\/mithe-espelt.online\/en\/wp-json\/wp\/v2\/product_brand?post=1911"},{"taxonomy":"product_cat","embeddable":true,"href":"https:\/\/mithe-espelt.online\/en\/wp-json\/wp\/v2\/product_cat?post=1911"},{"taxonomy":"product_tag","embeddable":true,"href":"https:\/\/mithe-espelt.online\/en\/wp-json\/wp\/v2\/product_tag?post=1911"}],"curies":[{"name":"wp","href":"https:\/\/api.w.org\/{rel}","templated":true}]}}