{"id":1901,"date":"2021-03-03T21:27:25","date_gmt":"2021-03-03T21:27:25","guid":{"rendered":"https:\/\/mithe-espelt.online\/?post_type=product&#038;p=1901"},"modified":"2021-03-17T08:29:39","modified_gmt":"2021-03-17T08:29:39","slug":"miroir-mural-vers-1958-2","status":"publish","type":"product","link":"https:\/\/mithe-espelt.online\/en\/product\/miroir-mural-vers-1958-2\/","title":{"rendered":"Miroir mural vers 1958"},"content":{"rendered":"","protected":false},"excerpt":{"rendered":"<p>mod\u00e8le \u00ab\u00a0Flammes\u00a0\u00bb<br \/>\nterre estamp\u00e9e et \u00e9maill\u00e9e, or<br \/>\n\u00f8 33 cm<br \/>\nmod\u00e8le reproduit dans la monographie page 126<\/p>","protected":false},"featured_media":1902,"comment_status":"closed","ping_status":"closed","template":"","meta":[],"product_brand":[],"product_cat":[33],"product_tag":[],"class_list":{"0":"post-1901","1":"product","2":"type-product","3":"status-publish","4":"has-post-thumbnail","6":"product_cat-miroirs","8":"first","9":"instock","10":"shipping-taxable","11":"product-type-simple"},"_links":{"self":[{"href":"https:\/\/mithe-espelt.online\/en\/wp-json\/wp\/v2\/product\/1901","targetHints":{"allow":["GET"]}}],"collection":[{"href":"https:\/\/mithe-espelt.online\/en\/wp-json\/wp\/v2\/product"}],"about":[{"href":"https:\/\/mithe-espelt.online\/en\/wp-json\/wp\/v2\/types\/product"}],"replies":[{"embeddable":true,"href":"https:\/\/mithe-espelt.online\/en\/wp-json\/wp\/v2\/comments?post=1901"}],"wp:featuredmedia":[{"embeddable":true,"href":"https:\/\/mithe-espelt.online\/en\/wp-json\/wp\/v2\/media\/1902"}],"wp:attachment":[{"href":"https:\/\/mithe-espelt.online\/en\/wp-json\/wp\/v2\/media?parent=1901"}],"wp:term":[{"taxonomy":"product_brand","embeddable":true,"href":"https:\/\/mithe-espelt.online\/en\/wp-json\/wp\/v2\/product_brand?post=1901"},{"taxonomy":"product_cat","embeddable":true,"href":"https:\/\/mithe-espelt.online\/en\/wp-json\/wp\/v2\/product_cat?post=1901"},{"taxonomy":"product_tag","embeddable":true,"href":"https:\/\/mithe-espelt.online\/en\/wp-json\/wp\/v2\/product_tag?post=1901"}],"curies":[{"name":"wp","href":"https:\/\/api.w.org\/{rel}","templated":true}]}}