{"id":1883,"date":"2021-03-03T17:38:52","date_gmt":"2021-03-03T17:38:52","guid":{"rendered":"https:\/\/mithe-espelt.online\/?post_type=product&#038;p=1883"},"modified":"2021-12-08T11:51:57","modified_gmt":"2021-12-08T11:51:57","slug":"miroir-mural-vers-1952","status":"publish","type":"product","link":"https:\/\/mithe-espelt.online\/en\/product\/miroir-mural-vers-1952\/","title":{"rendered":"Miroir mural vers 1952"},"content":{"rendered":"","protected":false},"excerpt":{"rendered":"<p>mod\u00e8le \u00ab\u00a0Boutons roses\u00a0\u00bb<br \/>\nterre estamp\u00e9e et \u00e9maill\u00e9e<br \/>\nhauteur 25 cm<br \/>\nmod\u00e8le reproduit dans la monographie page 131<\/p>","protected":false},"featured_media":1884,"comment_status":"closed","ping_status":"closed","template":"","meta":[],"product_brand":[],"product_cat":[33],"product_tag":[],"class_list":{"0":"post-1883","1":"product","2":"type-product","3":"status-publish","4":"has-post-thumbnail","6":"product_cat-miroirs","8":"first","9":"instock","10":"shipping-taxable","11":"product-type-simple"},"_links":{"self":[{"href":"https:\/\/mithe-espelt.online\/en\/wp-json\/wp\/v2\/product\/1883","targetHints":{"allow":["GET"]}}],"collection":[{"href":"https:\/\/mithe-espelt.online\/en\/wp-json\/wp\/v2\/product"}],"about":[{"href":"https:\/\/mithe-espelt.online\/en\/wp-json\/wp\/v2\/types\/product"}],"replies":[{"embeddable":true,"href":"https:\/\/mithe-espelt.online\/en\/wp-json\/wp\/v2\/comments?post=1883"}],"wp:featuredmedia":[{"embeddable":true,"href":"https:\/\/mithe-espelt.online\/en\/wp-json\/wp\/v2\/media\/1884"}],"wp:attachment":[{"href":"https:\/\/mithe-espelt.online\/en\/wp-json\/wp\/v2\/media?parent=1883"}],"wp:term":[{"taxonomy":"product_brand","embeddable":true,"href":"https:\/\/mithe-espelt.online\/en\/wp-json\/wp\/v2\/product_brand?post=1883"},{"taxonomy":"product_cat","embeddable":true,"href":"https:\/\/mithe-espelt.online\/en\/wp-json\/wp\/v2\/product_cat?post=1883"},{"taxonomy":"product_tag","embeddable":true,"href":"https:\/\/mithe-espelt.online\/en\/wp-json\/wp\/v2\/product_tag?post=1883"}],"curies":[{"name":"wp","href":"https:\/\/api.w.org\/{rel}","templated":true}]}}