{"id":1639,"date":"2021-03-01T18:44:46","date_gmt":"2021-03-01T18:44:46","guid":{"rendered":"https:\/\/mithe-espelt.online\/?post_type=product&#038;p=1639"},"modified":"2021-03-18T10:15:33","modified_gmt":"2021-03-18T10:15:33","slug":"collier-vers-1950-10","status":"publish","type":"product","link":"https:\/\/mithe-espelt.online\/en\/product\/collier-vers-1950-10\/","title":{"rendered":"Collier vers 1950"},"content":{"rendered":"","protected":false},"excerpt":{"rendered":"<p>\u00e9l\u00e9ments de c\u00e9ramique cousus sur cordon tiss\u00e9, \u00e9mail blanc laiteux, or<br \/>\nmod\u00e8le cr\u00e9\u00e9 pour la Maison SOULEIADO<br \/>\nlongueur 44 cm<\/p>","protected":false},"featured_media":1640,"comment_status":"closed","ping_status":"closed","template":"","meta":[],"product_brand":[],"product_cat":[32],"product_tag":[],"class_list":{"0":"post-1639","1":"product","2":"type-product","3":"status-publish","4":"has-post-thumbnail","6":"product_cat-bijoux","8":"first","9":"outofstock","10":"shipping-taxable","11":"purchasable","12":"product-type-simple"},"_links":{"self":[{"href":"https:\/\/mithe-espelt.online\/en\/wp-json\/wp\/v2\/product\/1639","targetHints":{"allow":["GET"]}}],"collection":[{"href":"https:\/\/mithe-espelt.online\/en\/wp-json\/wp\/v2\/product"}],"about":[{"href":"https:\/\/mithe-espelt.online\/en\/wp-json\/wp\/v2\/types\/product"}],"replies":[{"embeddable":true,"href":"https:\/\/mithe-espelt.online\/en\/wp-json\/wp\/v2\/comments?post=1639"}],"wp:featuredmedia":[{"embeddable":true,"href":"https:\/\/mithe-espelt.online\/en\/wp-json\/wp\/v2\/media\/1640"}],"wp:attachment":[{"href":"https:\/\/mithe-espelt.online\/en\/wp-json\/wp\/v2\/media?parent=1639"}],"wp:term":[{"taxonomy":"product_brand","embeddable":true,"href":"https:\/\/mithe-espelt.online\/en\/wp-json\/wp\/v2\/product_brand?post=1639"},{"taxonomy":"product_cat","embeddable":true,"href":"https:\/\/mithe-espelt.online\/en\/wp-json\/wp\/v2\/product_cat?post=1639"},{"taxonomy":"product_tag","embeddable":true,"href":"https:\/\/mithe-espelt.online\/en\/wp-json\/wp\/v2\/product_tag?post=1639"}],"curies":[{"name":"wp","href":"https:\/\/api.w.org\/{rel}","templated":true}]}}