{"id":1630,"date":"2021-03-01T18:32:25","date_gmt":"2021-03-01T18:32:25","guid":{"rendered":"https:\/\/mithe-espelt.online\/?post_type=product&#038;p=1630"},"modified":"2021-03-18T10:04:04","modified_gmt":"2021-03-18T10:04:04","slug":"collier-vers-1950-8","status":"publish","type":"product","link":"https:\/\/mithe-espelt.online\/en\/product\/collier-vers-1950-8\/","title":{"rendered":"Collier vers 1950"},"content":{"rendered":"","protected":false},"excerpt":{"rendered":"<p>\u00e9l\u00e9ments de c\u00e9ramique cousus sur cordon tiss\u00e9<br \/>\n\u00e9mail rose, or,<\/p>\n<p>longueur 44 cm<\/p>","protected":false},"featured_media":1631,"comment_status":"closed","ping_status":"closed","template":"","meta":[],"product_brand":[],"product_cat":[32],"product_tag":[],"class_list":{"0":"post-1630","1":"product","2":"type-product","3":"status-publish","4":"has-post-thumbnail","6":"product_cat-bijoux","8":"first","9":"instock","10":"shipping-taxable","11":"purchasable","12":"product-type-simple"},"_links":{"self":[{"href":"https:\/\/mithe-espelt.online\/en\/wp-json\/wp\/v2\/product\/1630","targetHints":{"allow":["GET"]}}],"collection":[{"href":"https:\/\/mithe-espelt.online\/en\/wp-json\/wp\/v2\/product"}],"about":[{"href":"https:\/\/mithe-espelt.online\/en\/wp-json\/wp\/v2\/types\/product"}],"replies":[{"embeddable":true,"href":"https:\/\/mithe-espelt.online\/en\/wp-json\/wp\/v2\/comments?post=1630"}],"wp:featuredmedia":[{"embeddable":true,"href":"https:\/\/mithe-espelt.online\/en\/wp-json\/wp\/v2\/media\/1631"}],"wp:attachment":[{"href":"https:\/\/mithe-espelt.online\/en\/wp-json\/wp\/v2\/media?parent=1630"}],"wp:term":[{"taxonomy":"product_brand","embeddable":true,"href":"https:\/\/mithe-espelt.online\/en\/wp-json\/wp\/v2\/product_brand?post=1630"},{"taxonomy":"product_cat","embeddable":true,"href":"https:\/\/mithe-espelt.online\/en\/wp-json\/wp\/v2\/product_cat?post=1630"},{"taxonomy":"product_tag","embeddable":true,"href":"https:\/\/mithe-espelt.online\/en\/wp-json\/wp\/v2\/product_tag?post=1630"}],"curies":[{"name":"wp","href":"https:\/\/api.w.org\/{rel}","templated":true}]}}