{"id":1429,"date":"2021-03-01T09:31:28","date_gmt":"2021-03-01T09:31:28","guid":{"rendered":"https:\/\/mithe-espelt.online\/?post_type=product&#038;p=1429"},"modified":"2021-03-05T11:32:40","modified_gmt":"2021-03-05T11:32:40","slug":"coffret-vers-1980-1985","status":"publish","type":"product","link":"https:\/\/mithe-espelt.online\/en\/product\/coffret-vers-1980-1985\/","title":{"rendered":"Coffret vers 1980\/1985"},"content":{"rendered":"","protected":false},"excerpt":{"rendered":"<p>couvercle en terre estamp\u00e9e, verre cristallis\u00e9 et or craquel\u00e9<br \/>\nmod\u00e8le \u00abGalets\u00a0\u00bb<br \/>\ncoffret en bois \u00e9bonis\u00e9<br \/>\n15 x 11 x 6 cm<\/p>","protected":false},"featured_media":1956,"comment_status":"closed","ping_status":"closed","template":"","meta":[],"product_brand":[],"product_cat":[31],"product_tag":[],"class_list":{"0":"post-1429","1":"product","2":"type-product","3":"status-publish","4":"has-post-thumbnail","6":"product_cat-coffrets","8":"first","9":"instock","10":"shipping-taxable","11":"product-type-simple"},"_links":{"self":[{"href":"https:\/\/mithe-espelt.online\/en\/wp-json\/wp\/v2\/product\/1429","targetHints":{"allow":["GET"]}}],"collection":[{"href":"https:\/\/mithe-espelt.online\/en\/wp-json\/wp\/v2\/product"}],"about":[{"href":"https:\/\/mithe-espelt.online\/en\/wp-json\/wp\/v2\/types\/product"}],"replies":[{"embeddable":true,"href":"https:\/\/mithe-espelt.online\/en\/wp-json\/wp\/v2\/comments?post=1429"}],"wp:featuredmedia":[{"embeddable":true,"href":"https:\/\/mithe-espelt.online\/en\/wp-json\/wp\/v2\/media\/1956"}],"wp:attachment":[{"href":"https:\/\/mithe-espelt.online\/en\/wp-json\/wp\/v2\/media?parent=1429"}],"wp:term":[{"taxonomy":"product_brand","embeddable":true,"href":"https:\/\/mithe-espelt.online\/en\/wp-json\/wp\/v2\/product_brand?post=1429"},{"taxonomy":"product_cat","embeddable":true,"href":"https:\/\/mithe-espelt.online\/en\/wp-json\/wp\/v2\/product_cat?post=1429"},{"taxonomy":"product_tag","embeddable":true,"href":"https:\/\/mithe-espelt.online\/en\/wp-json\/wp\/v2\/product_tag?post=1429"}],"curies":[{"name":"wp","href":"https:\/\/api.w.org\/{rel}","templated":true}]}}