{"id":992,"date":"2021-02-11T17:34:46","date_gmt":"2021-02-11T17:34:46","guid":{"rendered":"https:\/\/mithe-espelt.online\/?page_id=992"},"modified":"2023-02-08T15:25:05","modified_gmt":"2023-02-08T15:25:05","slug":"bio","status":"publish","type":"page","link":"https:\/\/mithe-espelt.online\/en\/legendes\/bio\/","title":{"rendered":"Bio"},"content":{"rendered":"<div data-elementor-type=\"wp-post\" data-elementor-id=\"992\" class=\"elementor elementor-992\" data-elementor-post-type=\"page\">\n\t\t\t\t\t\t<section class=\"elementor-section elementor-top-section elementor-element elementor-element-d7a270b elementor-section-full_width elementor-section-height-min-height elementor-section-items-stretch elementor-section-height-default\" data-id=\"d7a270b\" data-element_type=\"section\" data-e-type=\"section\">\n\t\t\t\t\t\t<div class=\"elementor-container elementor-column-gap-default\">\n\t\t\t\t\t<div class=\"elementor-column elementor-col-100 elementor-top-column elementor-element elementor-element-e30dafe\" data-id=\"e30dafe\" data-element_type=\"column\" data-e-type=\"column\" data-settings=\"{&quot;background_background&quot;:&quot;classic&quot;}\">\n\t\t\t<div class=\"elementor-widget-wrap elementor-element-populated\">\n\t\t\t\t\t\t<div class=\"elementor-element elementor-element-3c68c34 elementor-widget__width-inherit elementor-widget elementor-widget-template\" data-id=\"3c68c34\" data-element_type=\"widget\" data-e-type=\"widget\" data-widget_type=\"template.default\">\n\t\t\t\t<div class=\"elementor-widget-container\">\n\t\t\t\t\t\t\t<div class=\"elementor-template\">\n\t\t\t\t\t<div data-elementor-type=\"section\" data-elementor-id=\"6180\" class=\"elementor elementor-6180\" data-elementor-post-type=\"elementor_library\">\n\t\t\t\t\t<section class=\"elementor-section elementor-inner-section elementor-element elementor-element-78b9cf78 elementor-section-full_width elementor-section-height-default elementor-section-height-default\" data-id=\"78b9cf78\" data-element_type=\"section\" data-e-type=\"section\">\n\t\t\t\t\t\t<div class=\"elementor-container elementor-column-gap-default\">\n\t\t\t\t\t<div class=\"elementor-column elementor-col-50 elementor-inner-column elementor-element elementor-element-2b6242bc\" data-id=\"2b6242bc\" data-element_type=\"column\" data-e-type=\"column\">\n\t\t\t<div class=\"elementor-widget-wrap elementor-element-populated\">\n\t\t\t\t\t\t<div class=\"elementor-element elementor-element-6fd27a0d elementor-nav-menu--dropdown-none elementor-widget elementor-widget-nav-menu\" data-id=\"6fd27a0d\" data-element_type=\"widget\" data-e-type=\"widget\" data-settings=\"{&quot;layout&quot;:&quot;horizontal&quot;,&quot;submenu_icon&quot;:{&quot;value&quot;:&quot;&lt;i class=\\&quot;fas fa-caret-down\\&quot;&gt;&lt;\\\/i&gt;&quot;,&quot;library&quot;:&quot;fa-solid&quot;}}\" data-widget_type=\"nav-menu.default\">\n\t\t\t\t<div class=\"elementor-widget-container\">\n\t\t\t\t\t\t\t\t<nav aria-label=\"Menu\" class=\"elementor-nav-menu--main elementor-nav-menu__container elementor-nav-menu--layout-horizontal e--pointer-background e--animation-fade\">\n\t\t\t\t<ul id=\"menu-1-6fd27a0d\" class=\"elementor-nav-menu\"><li class=\"menu-item menu-item-type-post_type menu-item-object-page menu-item-home menu-item-5814\"><a href=\"https:\/\/mithe-espelt.online\/en\/\" title=\"&lt;span class=&quot;dashicons dashicons-admin-home&quot;&gt;&lt;\/span&gt;\" class=\"elementor-item\"><span class=\"dashicons dashicons-admin-home\"><\/span><\/a><\/li>\n<li class=\"legendes menu-item menu-item-type-post_type menu-item-object-page menu-item-415\"><a href=\"https:\/\/mithe-espelt.online\/en\/legendes\/\" title=\"Tales\" class=\"elementor-item\">Tales<\/a><\/li>\n<li class=\"tresors menu-item menu-item-type-post_type menu-item-object-page menu-item-414\"><a href=\"https:\/\/mithe-espelt.online\/en\/tresors\/\" title=\"Treasures\" class=\"elementor-item\">Treasures<\/a><\/li>\n<li class=\"news menu-item menu-item-type-post_type menu-item-object-page menu-item-413\"><a href=\"https:\/\/mithe-espelt.online\/en\/news\/\" title=\"News\" class=\"elementor-item\">News<\/a><\/li>\n<li class=\"menu-item menu-item-type-post_type menu-item-object-product menu-item-7398\"><a href=\"https:\/\/mithe-espelt.online\/en\/product\/mithe-espelt-le-luxe-discret-du-quotidien\/\" title=\"Livre-Mith\u00e9 ESPELT \u2013 Le luxe discret du quotidien\" class=\"elementor-item\">Book<\/a><\/li>\n<li class=\"menu-item menu-item-type-post_type menu-item-object-page menu-item-7816\"><a href=\"https:\/\/mithe-espelt.online\/en\/tresors\/expertise\/\" title=\"Expertise\" class=\"elementor-item\">Expertise<\/a><\/li>\n<li class=\"footer-contact menu-item menu-item-type-custom menu-item-object-custom menu-item-5021\"><a href=\"#\" title=\"Contact\" class=\"elementor-item elementor-item-anchor\">Contact<\/a><\/li>\n<\/ul>\t\t\t<\/nav>\n\t\t\t\t\t\t<nav class=\"elementor-nav-menu--dropdown elementor-nav-menu__container\" aria-hidden=\"true\">\n\t\t\t\t<ul id=\"menu-2-6fd27a0d\" class=\"elementor-nav-menu\"><li class=\"menu-item menu-item-type-post_type menu-item-object-page menu-item-home menu-item-5814\"><a href=\"https:\/\/mithe-espelt.online\/en\/\" title=\"&lt;span class=&quot;dashicons dashicons-admin-home&quot;&gt;&lt;\/span&gt;\" class=\"elementor-item\" tabindex=\"-1\"><span class=\"dashicons dashicons-admin-home\"><\/span><\/a><\/li>\n<li class=\"legendes menu-item menu-item-type-post_type menu-item-object-page menu-item-415\"><a href=\"https:\/\/mithe-espelt.online\/en\/legendes\/\" title=\"Tales\" class=\"elementor-item\" tabindex=\"-1\">Tales<\/a><\/li>\n<li class=\"tresors menu-item menu-item-type-post_type menu-item-object-page menu-item-414\"><a href=\"https:\/\/mithe-espelt.online\/en\/tresors\/\" title=\"Treasures\" class=\"elementor-item\" tabindex=\"-1\">Treasures<\/a><\/li>\n<li class=\"news menu-item menu-item-type-post_type menu-item-object-page menu-item-413\"><a href=\"https:\/\/mithe-espelt.online\/en\/news\/\" title=\"News\" class=\"elementor-item\" tabindex=\"-1\">News<\/a><\/li>\n<li class=\"menu-item menu-item-type-post_type menu-item-object-product menu-item-7398\"><a href=\"https:\/\/mithe-espelt.online\/en\/product\/mithe-espelt-le-luxe-discret-du-quotidien\/\" title=\"Livre-Mith\u00e9 ESPELT \u2013 Le luxe discret du quotidien\" class=\"elementor-item\" tabindex=\"-1\">Book<\/a><\/li>\n<li class=\"menu-item menu-item-type-post_type menu-item-object-page menu-item-7816\"><a href=\"https:\/\/mithe-espelt.online\/en\/tresors\/expertise\/\" title=\"Expertise\" class=\"elementor-item\" tabindex=\"-1\">Expertise<\/a><\/li>\n<li class=\"footer-contact menu-item menu-item-type-custom menu-item-object-custom menu-item-5021\"><a href=\"#\" title=\"Contact\" class=\"elementor-item elementor-item-anchor\" tabindex=\"-1\">Contact<\/a><\/li>\n<\/ul>\t\t\t<\/nav>\n\t\t\t\t\t\t<\/div>\n\t\t\t\t<\/div>\n\t\t\t\t\t<\/div>\n\t\t<\/div>\n\t\t\t\t<div class=\"elementor-column elementor-col-50 elementor-inner-column elementor-element elementor-element-5f861fde\" data-id=\"5f861fde\" data-element_type=\"column\" data-e-type=\"column\">\n\t\t\t<div class=\"elementor-widget-wrap elementor-element-populated\">\n\t\t\t\t\t\t<div class=\"elementor-element elementor-element-744cccc1 elementor-nav-menu__align-end elementor-nav-menu--dropdown-none elementor-widget elementor-widget-nav-menu\" data-id=\"744cccc1\" data-element_type=\"widget\" data-e-type=\"widget\" data-settings=\"{&quot;layout&quot;:&quot;horizontal&quot;,&quot;submenu_icon&quot;:{&quot;value&quot;:&quot;&lt;i class=\\&quot;fas fa-caret-down\\&quot;&gt;&lt;\\\/i&gt;&quot;,&quot;library&quot;:&quot;fa-solid&quot;}}\" data-widget_type=\"nav-menu.default\">\n\t\t\t\t<div class=\"elementor-widget-container\">\n\t\t\t\t\t\t\t\t<nav aria-label=\"Menu\" class=\"elementor-nav-menu--main elementor-nav-menu__container elementor-nav-menu--layout-horizontal e--pointer-background e--animation-fade\">\n\t\t\t\t<ul id=\"menu-1-744cccc1\" class=\"elementor-nav-menu\"><li class=\"menu-item menu-item-type-post_type menu-item-object-page menu-item-6183\"><a href=\"https:\/\/mithe-espelt.online\/en\/legendes\/bio\/\" title=\"Bio\" class=\"elementor-item\">Bio<\/a><\/li>\n<li class=\"menu-item menu-item-type-custom menu-item-object-custom menu-item-6184\"><a href=\"https:\/\/mithe-espelt.online\/en\/product\/mithe-espelt-le-luxe-discret-du-quotidien\/\" title=\"Books\" class=\"elementor-item\">Books<\/a><\/li>\n<li class=\"trp-language-switcher-container menu-item menu-item-type-post_type menu-item-object-language_switcher current-language-menu-item menu-item-6185\"><a href=\"https:\/\/mithe-espelt.online\/en\/wp-json\/wp\/v2\/pages\/992\" title=\"&lt;span data-no-translation&gt;&lt;img class=&quot;trp-flag-image&quot; src=&quot;https:\/\/mithe-espelt.online\/wp-content\/plugins\/translatepress-multilingual\/assets\/images\/flags\/fr_FR.png&quot; width=&quot;18&quot; height=&quot;12&quot; alt=&quot;fr_FR&quot; title=&quot;Fran&ccedil;ais&quot;&gt;&lt;\/span&gt;\" class=\"elementor-item elementor-item-anchor\"><span data-no-translation><img decoding=\"async\" class=\"trp-flag-image\" src=\"https:\/\/mithe-espelt.online\/wp-content\/plugins\/translatepress-multilingual\/assets\/images\/flags\/fr_FR.png\" width=\"18\" height=\"12\" alt=\"fr_FR\" title=\"Fran\u00e7ais\"><\/span><\/a><\/li>\n<\/ul>\t\t\t<\/nav>\n\t\t\t\t\t\t<nav class=\"elementor-nav-menu--dropdown elementor-nav-menu__container\" aria-hidden=\"true\">\n\t\t\t\t<ul id=\"menu-2-744cccc1\" class=\"elementor-nav-menu\"><li class=\"menu-item menu-item-type-post_type menu-item-object-page menu-item-6183\"><a href=\"https:\/\/mithe-espelt.online\/en\/legendes\/bio\/\" title=\"Bio\" class=\"elementor-item\" tabindex=\"-1\">Bio<\/a><\/li>\n<li class=\"menu-item menu-item-type-custom menu-item-object-custom menu-item-6184\"><a href=\"https:\/\/mithe-espelt.online\/en\/product\/mithe-espelt-le-luxe-discret-du-quotidien\/\" title=\"Books\" class=\"elementor-item\" tabindex=\"-1\">Books<\/a><\/li>\n<li class=\"trp-language-switcher-container menu-item menu-item-type-post_type menu-item-object-language_switcher current-language-menu-item menu-item-6185\"><a href=\"https:\/\/mithe-espelt.online\/en\/wp-json\/wp\/v2\/pages\/992\" title=\"&lt;span data-no-translation&gt;&lt;img class=&quot;trp-flag-image&quot; src=&quot;https:\/\/mithe-espelt.online\/wp-content\/plugins\/translatepress-multilingual\/assets\/images\/flags\/fr_FR.png&quot; width=&quot;18&quot; height=&quot;12&quot; alt=&quot;fr_FR&quot; title=&quot;Fran&ccedil;ais&quot;&gt;&lt;\/span&gt;\" class=\"elementor-item elementor-item-anchor\" tabindex=\"-1\"><span data-no-translation><img decoding=\"async\" class=\"trp-flag-image\" src=\"https:\/\/mithe-espelt.online\/wp-content\/plugins\/translatepress-multilingual\/assets\/images\/flags\/fr_FR.png\" width=\"18\" height=\"12\" alt=\"fr_FR\" title=\"Fran\u00e7ais\"><\/span><\/a><\/li>\n<\/ul>\t\t\t<\/nav>\n\t\t\t\t\t\t<\/div>\n\t\t\t\t<\/div>\n\t\t\t\t\t<\/div>\n\t\t<\/div>\n\t\t\t\t\t<\/div>\n\t\t<\/section>\n\t\t\t\t<\/div>\n\t\t\t\t<\/div>\n\t\t\t\t\t\t<\/div>\n\t\t\t\t<\/div>\n\t\t\t\t<div class=\"elementor-element elementor-element-8d32682 elementor-widget elementor-widget-html\" data-id=\"8d32682\" data-element_type=\"widget\" data-e-type=\"widget\" data-widget_type=\"html.default\">\n\t\t\t\t<div class=\"elementor-widget-container\">\n\t\t\t\t\t<script>\r\n    jQuery(document).ready(function( $ ){\r\n        $('.legendes a').addClass('elementor-item-active');\r\n    });\r\n<\/script>\t\t\t\t<\/div>\n\t\t\t\t<\/div>\n\t\t\t\t<section class=\"elementor-section elementor-inner-section elementor-element elementor-element-49c0b21 elementor-section-boxed elementor-section-height-default elementor-section-height-default\" data-id=\"49c0b21\" data-element_type=\"section\" data-e-type=\"section\">\n\t\t\t\t\t\t<div class=\"elementor-container elementor-column-gap-default\">\n\t\t\t\t\t<div class=\"elementor-column elementor-col-50 elementor-inner-column elementor-element elementor-element-65c25f9\" data-id=\"65c25f9\" data-element_type=\"column\" data-e-type=\"column\">\n\t\t\t<div class=\"elementor-widget-wrap elementor-element-populated\">\n\t\t\t\t\t\t<div class=\"elementor-element elementor-element-7bda7b1 elementor-widget elementor-widget-heading\" data-id=\"7bda7b1\" data-element_type=\"widget\" data-e-type=\"widget\" data-widget_type=\"heading.default\">\n\t\t\t\t<div class=\"elementor-widget-container\">\n\t\t\t\t\t<h2 class=\"elementor-heading-title elementor-size-default\">Mith\u00e9 espelt<\/h2>\t\t\t\t<\/div>\n\t\t\t\t<\/div>\n\t\t\t\t<div class=\"elementor-element elementor-element-1547cfa elementor-widget elementor-widget-heading\" data-id=\"1547cfa\" data-element_type=\"widget\" data-e-type=\"widget\" data-widget_type=\"heading.default\">\n\t\t\t\t<div class=\"elementor-widget-container\">\n\t\t\t\t\t<h2 class=\"elementor-heading-title elementor-size-default\">1923-2020<\/h2>\t\t\t\t<\/div>\n\t\t\t\t<\/div>\n\t\t\t\t<div class=\"elementor-element elementor-element-dfb395b elementor-widget elementor-widget-text-editor\" data-id=\"dfb395b\" data-element_type=\"widget\" data-e-type=\"widget\" data-widget_type=\"text-editor.default\">\n\t\t\t\t<div class=\"elementor-widget-container\">\n\t\t\t\t\t\t\t\t\t<p>Born in 1923, Mith\u00e9 Espelt is a French ceramic artist based in the Camargue, at the gates of Provence. A close friend to Fr\u00e9d\u00e9ric Mistral (Nobel Prize in literature, 1904), her grandfather introduced her into the upper echelons of both the artistic and intellectual world. She rubbed shoulders with Jean Hugo, Jean Cocteau, Pablo Picasso, Christian B\u00e9rard and many others...<br><br>\n\nAt the end of her studies, she moved to Paris for two years and produced jewellery and ceramic buttons for Line Vautrin. Back in the Camargue, she formed a pottery workshop and her clients included Louise de Vilmorin, Jaime Sabart\u00e9s... While in her spare time, she receives her friends in her house in S\u00e9te: Valentine Schlegel, her sister Andr\u00e9e and her husband Jean Vilar, her neighbour Fran\u00e7ois Desnoyer (the painter, friend of Fernand L\u00e9ger), Jean Hugo and Pablo Picasso.<br><br>\n\nMith\u00e9 exhibited at the La Roue gallery in Vallauris in the company of the greatest ceramicists of the time. The great Emilie Decanis saw in her one of the hopes of the new generation. In 1948, Charles D\u00e9mery, the founder of the SOULEIADO brand, spotted her jewellery and offered to distribute it around the world. Thus for almost 40 years she designed Souleiado jewellery.<br><br>\n\nHowever, at the beginning of the 1950s, she stopped signing her pieces and devoted herself to the creation of small everyday objects for women: mirrors, jewellery chests and trays... Through her work, she questioned the notions of desire, appearance and gluttony.<br><br>\n\nLong attributed to Fran\u00e7ois Lembo, due to the misinformation spread on Google and despite the denials of Renaud Lembo, her work and the extraordinary story of her life were finally revealed in Antoine Candau\u2019s book \u201cMith\u00e9 Espelt, the discreet luxury of the every day\u201d published in September 2020.<\/p><p><br \/><\/p><p><br><\/p><p><br \/><\/p>\t\t\t\t\t\t\t\t<\/div>\n\t\t\t\t<\/div>\n\t\t\t\t\t<\/div>\n\t\t<\/div>\n\t\t\t\t<div class=\"elementor-column elementor-col-50 elementor-inner-column elementor-element elementor-element-e57a9a6\" data-id=\"e57a9a6\" data-element_type=\"column\" data-e-type=\"column\">\n\t\t\t<div class=\"elementor-widget-wrap elementor-element-populated\">\n\t\t\t\t\t\t<div class=\"elementor-element elementor-element-1b954c7 elementor-arrows-position-inside elementor-pagination-position-outside elementor-widget elementor-widget-image-carousel\" data-id=\"1b954c7\" data-element_type=\"widget\" data-e-type=\"widget\" data-settings=\"{&quot;slides_to_show&quot;:&quot;1&quot;,&quot;autoplay&quot;:&quot;no&quot;,&quot;navigation&quot;:&quot;both&quot;,&quot;infinite&quot;:&quot;yes&quot;,&quot;effect&quot;:&quot;slide&quot;,&quot;speed&quot;:500}\" data-widget_type=\"image-carousel.default\">\n\t\t\t\t<div class=\"elementor-widget-container\">\n\t\t\t\t\t\t\t<div class=\"elementor-image-carousel-wrapper swiper\" role=\"region\" aria-roledescription=\"carousel\" aria-label=\"Image Carousel\" dir=\"ltr\">\n\t\t\t<div class=\"elementor-image-carousel swiper-wrapper swiper-image-stretch\" aria-live=\"polite\">\n\t\t\t\t\t\t\t\t<div class=\"swiper-slide\" role=\"group\" aria-roledescription=\"slide\" aria-label=\"1 sur 4\" data-no-translation-aria-label=\"\"><figure class=\"swiper-slide-inner\"><img decoding=\"async\" class=\"swiper-slide-image\" src=\"https:\/\/mithe-espelt.online\/wp-content\/uploads\/elementor\/thumbs\/SLIDE-BIO-3-q4ihkgt6hc2m9440kzn0ad1hng3oetddk40v77fp4w.jpg\" alt=\"SLIDE-BIO-3\" \/><\/figure><\/div><div class=\"swiper-slide\" role=\"group\" aria-roledescription=\"slide\" aria-label=\"2 sur 4\" data-no-translation-aria-label=\"\"><figure class=\"swiper-slide-inner\"><img decoding=\"async\" class=\"swiper-slide-image\" src=\"https:\/\/mithe-espelt.online\/wp-content\/uploads\/elementor\/thumbs\/SLIDE-BIO-4-q4ihkgt6hc2m9440kzn0ad1hng3oetddk40v77fp4w.jpg\" alt=\"SLIDE-BIO-4\" \/><\/figure><\/div><div class=\"swiper-slide\" role=\"group\" aria-roledescription=\"slide\" aria-label=\"3 sur 4\" data-no-translation-aria-label=\"\"><figure class=\"swiper-slide-inner\"><img decoding=\"async\" class=\"swiper-slide-image\" src=\"https:\/\/mithe-espelt.online\/wp-content\/uploads\/elementor\/thumbs\/SLIDE-BIO-1-q4ihkgt6hc2m9440kzn0ad1hng3oetddk40v77fp4w.jpg\" alt=\"SLIDE-BIO-1\" \/><\/figure><\/div><div class=\"swiper-slide\" role=\"group\" aria-roledescription=\"slide\" aria-label=\"4 sur 4\" data-no-translation-aria-label=\"\"><figure class=\"swiper-slide-inner\"><img decoding=\"async\" class=\"swiper-slide-image\" src=\"https:\/\/mithe-espelt.online\/wp-content\/uploads\/elementor\/thumbs\/SLIDE-BIO-2-q4ihkgt6hc2m9440kzn0ad1hng3oetddk40v77fp4w.jpg\" alt=\"SLIDE-BIO-2\" \/><\/figure><\/div>\t\t\t<\/div>\n\t\t\t\t\t\t\t\t\t\t\t\t<div class=\"elementor-swiper-button elementor-swiper-button-prev\" role=\"button\" tabindex=\"0\">\n\t\t\t\t\t\t<i aria-hidden=\"true\" class=\"eicon-chevron-left\"><\/i>\t\t\t\t\t<\/div>\n\t\t\t\t\t<div class=\"elementor-swiper-button elementor-swiper-button-next\" role=\"button\" tabindex=\"0\">\n\t\t\t\t\t\t<i aria-hidden=\"true\" class=\"eicon-chevron-right\"><\/i>\t\t\t\t\t<\/div>\n\t\t\t\t\n\t\t\t\t\t\t\t\t\t<div class=\"swiper-pagination\"><\/div>\n\t\t\t\t\t\t\t\t\t<\/div>\n\t\t\t\t\t\t<\/div>\n\t\t\t\t<\/div>\n\t\t\t\t\t<\/div>\n\t\t<\/div>\n\t\t\t\t\t<\/div>\n\t\t<\/section>\n\t\t\t\t<section class=\"elementor-section elementor-inner-section elementor-element elementor-element-c0f8e53 elementor-section-boxed elementor-section-height-default elementor-section-height-default\" data-id=\"c0f8e53\" data-element_type=\"section\" data-e-type=\"section\">\n\t\t\t\t\t\t<div class=\"elementor-container elementor-column-gap-default\">\n\t\t\t\t\t<div class=\"elementor-column elementor-col-50 elementor-inner-column elementor-element elementor-element-e96ff48\" data-id=\"e96ff48\" data-element_type=\"column\" data-e-type=\"column\">\n\t\t\t<div class=\"elementor-widget-wrap elementor-element-populated\">\n\t\t\t\t\t\t<div class=\"elementor-element elementor-element-d3c9fc0 elementor-widget elementor-widget-text-editor\" data-id=\"d3c9fc0\" data-element_type=\"widget\" data-e-type=\"widget\" data-widget_type=\"text-editor.default\">\n\t\t\t\t<div class=\"elementor-widget-container\">\n\t\t\t\t\t\t\t\t\t<p><br \/><br \/><br \/><br \/><br \/><\/p>\t\t\t\t\t\t\t\t<\/div>\n\t\t\t\t<\/div>\n\t\t\t\t\t<\/div>\n\t\t<\/div>\n\t\t\t\t<div class=\"elementor-column elementor-col-50 elementor-inner-column elementor-element elementor-element-84a4af5\" data-id=\"84a4af5\" data-element_type=\"column\" data-e-type=\"column\">\n\t\t\t<div class=\"elementor-widget-wrap elementor-element-populated\">\n\t\t\t\t\t\t<div class=\"elementor-element elementor-element-1ad16ad elementor-widget elementor-widget-text-editor\" data-id=\"1ad16ad\" data-element_type=\"widget\" data-e-type=\"widget\" data-widget_type=\"text-editor.default\">\n\t\t\t\t<div class=\"elementor-widget-container\">\n\t\t\t\t\t\t\t\t\t<p><br \/><\/p><p><br \/><br \/><br \/><\/p>\t\t\t\t\t\t\t\t<\/div>\n\t\t\t\t<\/div>\n\t\t\t\t<div class=\"elementor-element elementor-element-315204a elementor-align-right elementor-widget elementor-widget-button\" data-id=\"315204a\" data-element_type=\"widget\" data-e-type=\"widget\" data-widget_type=\"button.default\">\n\t\t\t\t<div class=\"elementor-widget-container\">\n\t\t\t\t\t\t\t\t\t<div class=\"elementor-button-wrapper\">\n\t\t\t\t\t<a class=\"elementor-button elementor-button-link elementor-size-sm\" href=\"https:\/\/mithe-espelt.online\/en\/product\/mithe-espelt-le-luxe-discret-du-quotidien\/\">\n\t\t\t\t\t\t<span class=\"elementor-button-content-wrapper\">\n\t\t\t\t\t\t\t\t\t<span class=\"elementor-button-text\">DISCOVER MORE<\/span>\n\t\t\t\t\t<\/span>\n\t\t\t\t\t<\/a>\n\t\t\t\t<\/div>\n\t\t\t\t\t\t\t\t<\/div>\n\t\t\t\t<\/div>\n\t\t\t\t\t<\/div>\n\t\t<\/div>\n\t\t\t\t\t<\/div>\n\t\t<\/section>\n\t\t\t\t<section class=\"elementor-section elementor-inner-section elementor-element elementor-element-e87b141 elementor-section-boxed elementor-section-height-default elementor-section-height-default\" data-id=\"e87b141\" data-element_type=\"section\" data-e-type=\"section\">\n\t\t\t\t\t\t<div class=\"elementor-container elementor-column-gap-default\">\n\t\t\t\t\t<div class=\"elementor-column elementor-col-50 elementor-inner-column elementor-element elementor-element-65250df\" data-id=\"65250df\" data-element_type=\"column\" data-e-type=\"column\">\n\t\t\t<div class=\"elementor-widget-wrap\">\n\t\t\t\t\t\t\t<\/div>\n\t\t<\/div>\n\t\t\t\t<div class=\"elementor-column elementor-col-50 elementor-inner-column elementor-element elementor-element-1cf61f7\" data-id=\"1cf61f7\" data-element_type=\"column\" data-e-type=\"column\">\n\t\t\t<div class=\"elementor-widget-wrap\">\n\t\t\t\t\t\t\t<\/div>\n\t\t<\/div>\n\t\t\t\t\t<\/div>\n\t\t<\/section>\n\t\t\t\t\t<\/div>\n\t\t<\/div>\n\t\t\t\t\t<\/div>\n\t\t<\/section>\n\t\t\t\t<\/div>","protected":false},"excerpt":{"rendered":"<p>Mith\u00e9 espelt 1923-2020 La vie de Mith\u00e9 Espelt est une v\u00e9ritable saga. N\u00e9e en 1923 \u00e0 Lunel, en Camargue, dans le sud de la France, elle est plong\u00e9e tr\u00e8s jeune par son grand-p\u00e8re, Edmond Baissat, dans un biotope inattendu. Ardent d\u00e9fenseur du parler proven\u00e7al, aux c\u00f4t\u00e9s de son ami Fr\u00e9d\u00e9ric Mistral -Prix Nobel de litt\u00e9rature- [&hellip;]<\/p>\n","protected":false},"author":1,"featured_media":0,"parent":255,"menu_order":0,"comment_status":"closed","ping_status":"closed","template":"","meta":{"footnotes":""},"class_list":["post-992","page","type-page","status-publish","hentry"],"_links":{"self":[{"href":"https:\/\/mithe-espelt.online\/en\/wp-json\/wp\/v2\/pages\/992","targetHints":{"allow":["GET"]}}],"collection":[{"href":"https:\/\/mithe-espelt.online\/en\/wp-json\/wp\/v2\/pages"}],"about":[{"href":"https:\/\/mithe-espelt.online\/en\/wp-json\/wp\/v2\/types\/page"}],"author":[{"embeddable":true,"href":"https:\/\/mithe-espelt.online\/en\/wp-json\/wp\/v2\/users\/1"}],"replies":[{"embeddable":true,"href":"https:\/\/mithe-espelt.online\/en\/wp-json\/wp\/v2\/comments?post=992"}],"version-history":[{"count":93,"href":"https:\/\/mithe-espelt.online\/en\/wp-json\/wp\/v2\/pages\/992\/revisions"}],"predecessor-version":[{"id":6207,"href":"https:\/\/mithe-espelt.online\/en\/wp-json\/wp\/v2\/pages\/992\/revisions\/6207"}],"up":[{"embeddable":true,"href":"https:\/\/mithe-espelt.online\/en\/wp-json\/wp\/v2\/pages\/255"}],"wp:attachment":[{"href":"https:\/\/mithe-espelt.online\/en\/wp-json\/wp\/v2\/media?parent=992"}],"curies":[{"name":"wp","href":"https:\/\/api.w.org\/{rel}","templated":true}]}}