{"id":4364,"date":"2022-01-27T13:27:47","date_gmt":"2022-01-27T13:27:47","guid":{"rendered":"https:\/\/mithe-espelt.online\/?page_id=4364"},"modified":"2022-02-01T09:21:00","modified_gmt":"2022-02-01T09:21:00","slug":"elementor-4364","status":"publish","type":"page","link":"https:\/\/mithe-espelt.online\/en\/elementor-4364\/","title":{"rendered":"Pr\u00e9sentation livre"},"content":{"rendered":"<div data-elementor-type=\"wp-page\" data-elementor-id=\"4364\" class=\"elementor elementor-4364\" data-elementor-post-type=\"page\">\n\t\t\t\t\t\t<section class=\"elementor-section elementor-top-section elementor-element elementor-element-8f5db12 elementor-section-full_width elementor-section-height-min-height elementor-section-items-stretch elementor-section-height-default\" data-id=\"8f5db12\" data-element_type=\"section\" data-e-type=\"section\">\n\t\t\t\t\t\t<div class=\"elementor-container elementor-column-gap-default\">\n\t\t\t\t\t<div class=\"elementor-column elementor-col-33 elementor-top-column elementor-element elementor-element-01e441d\" data-id=\"01e441d\" data-element_type=\"column\" data-e-type=\"column\" data-settings=\"{&quot;background_background&quot;:&quot;classic&quot;}\">\n\t\t\t<div class=\"elementor-widget-wrap\">\n\t\t\t\t\t\t\t<\/div>\n\t\t<\/div>\n\t\t\t\t<div class=\"elementor-column elementor-col-33 elementor-top-column elementor-element elementor-element-d6d50c2\" data-id=\"d6d50c2\" data-element_type=\"column\" data-e-type=\"column\" data-settings=\"{&quot;background_background&quot;:&quot;classic&quot;}\">\n\t\t\t<div class=\"elementor-widget-wrap elementor-element-populated\">\n\t\t\t\t\t\t<section class=\"elementor-section elementor-inner-section elementor-element elementor-element-28fe7ef elementor-section-full_width elementor-hidden-desktop elementor-hidden-tablet elementor-section-height-default elementor-section-height-default\" data-id=\"28fe7ef\" data-element_type=\"section\" data-e-type=\"section\">\n\t\t\t\t\t\t<div class=\"elementor-container elementor-column-gap-default\">\n\t\t\t\t\t<div class=\"elementor-column elementor-col-100 elementor-inner-column elementor-element elementor-element-2df010c\" data-id=\"2df010c\" data-element_type=\"column\" data-e-type=\"column\">\n\t\t\t<div class=\"elementor-widget-wrap elementor-element-populated\">\n\t\t\t\t\t\t<div class=\"elementor-element elementor-element-801ec6c elementor-widget elementor-widget-image\" data-id=\"801ec6c\" data-element_type=\"widget\" data-e-type=\"widget\" data-widget_type=\"image.default\">\n\t\t\t\t<div class=\"elementor-widget-container\">\n\t\t\t\t\t\t\t\t\t\t\t\t\t\t\t\t<a href=\"https:\/\/mithe-espelt.online\/en\/?page_id=11\">\n\t\t\t\t\t\t\t<img decoding=\"async\" src=\"https:\/\/mithe-espelt.online\/wp-content\/uploads\/elementor\/thumbs\/petit-logo-mithe-espelt-blanc-q4ihkiovcjk4lcbcap8zoarosjg6587jyrzrnds3x2.png\" title=\"petit-logo-mithe-espelt-blanc\" alt=\"petit-logo-mithe-espelt-blanc\" loading=\"lazy\" \/>\t\t\t\t\t\t\t\t<\/a>\n\t\t\t\t\t\t\t\t\t\t\t\t\t\t\t<\/div>\n\t\t\t\t<\/div>\n\t\t\t\t\t<\/div>\n\t\t<\/div>\n\t\t\t\t\t<\/div>\n\t\t<\/section>\n\t\t\t\t<section class=\"elementor-section elementor-inner-section elementor-element elementor-element-f178cf6 elementor-section-full_width elementor-section-height-default elementor-section-height-default\" data-id=\"f178cf6\" data-element_type=\"section\" data-e-type=\"section\">\n\t\t\t\t\t\t<div class=\"elementor-container elementor-column-gap-default\">\n\t\t\t\t\t<div class=\"elementor-column elementor-col-50 elementor-inner-column elementor-element elementor-element-d2b234b\" data-id=\"d2b234b\" data-element_type=\"column\" data-e-type=\"column\">\n\t\t\t<div class=\"elementor-widget-wrap elementor-element-populated\">\n\t\t\t\t\t\t<div class=\"elementor-element elementor-element-d0f7413 elementor-nav-menu--dropdown-none elementor-widget elementor-widget-nav-menu\" data-id=\"d0f7413\" data-element_type=\"widget\" data-e-type=\"widget\" data-settings=\"{&quot;layout&quot;:&quot;horizontal&quot;,&quot;submenu_icon&quot;:{&quot;value&quot;:&quot;&lt;i class=\\&quot;fas fa-caret-down\\&quot;&gt;&lt;\\\/i&gt;&quot;,&quot;library&quot;:&quot;fa-solid&quot;}}\" data-widget_type=\"nav-menu.default\">\n\t\t\t\t<div class=\"elementor-widget-container\">\n\t\t\t\t\t\t\t\t<nav aria-label=\"Menu\" class=\"elementor-nav-menu--main elementor-nav-menu__container elementor-nav-menu--layout-horizontal e--pointer-none\">\n\t\t\t\t<ul id=\"menu-1-d0f7413\" class=\"elementor-nav-menu\"><li class=\"menu-item menu-item-type-post_type menu-item-object-page menu-item-home menu-item-5814\"><a href=\"https:\/\/mithe-espelt.online\/en\/\" title=\"&lt;span class=&quot;dashicons dashicons-admin-home&quot;&gt;&lt;\/span&gt;\" class=\"elementor-item\"><span class=\"dashicons dashicons-admin-home\"><\/span><\/a><\/li>\n<li class=\"legendes menu-item menu-item-type-post_type menu-item-object-page menu-item-415\"><a href=\"https:\/\/mithe-espelt.online\/en\/legendes\/\" title=\"Tales\" class=\"elementor-item\">Tales<\/a><\/li>\n<li class=\"tresors menu-item menu-item-type-post_type menu-item-object-page menu-item-414\"><a href=\"https:\/\/mithe-espelt.online\/en\/tresors\/\" title=\"Treasures\" class=\"elementor-item\">Treasures<\/a><\/li>\n<li class=\"news menu-item menu-item-type-post_type menu-item-object-page menu-item-413\"><a href=\"https:\/\/mithe-espelt.online\/en\/news\/\" title=\"News\" class=\"elementor-item\">News<\/a><\/li>\n<li class=\"menu-item menu-item-type-post_type menu-item-object-product menu-item-7398\"><a href=\"https:\/\/mithe-espelt.online\/en\/product\/mithe-espelt-le-luxe-discret-du-quotidien\/\" title=\"Livre-Mith\u00e9 ESPELT \u2013 Le luxe discret du quotidien\" class=\"elementor-item\">Book<\/a><\/li>\n<li class=\"menu-item menu-item-type-post_type menu-item-object-page menu-item-7816\"><a href=\"https:\/\/mithe-espelt.online\/en\/tresors\/expertise\/\" title=\"Expertise\" class=\"elementor-item\">Expertise<\/a><\/li>\n<li class=\"footer-contact menu-item menu-item-type-custom menu-item-object-custom menu-item-5021\"><a href=\"#\" title=\"Contact\" class=\"elementor-item elementor-item-anchor\">Contact<\/a><\/li>\n<\/ul>\t\t\t<\/nav>\n\t\t\t\t\t\t<nav class=\"elementor-nav-menu--dropdown elementor-nav-menu__container\" aria-hidden=\"true\">\n\t\t\t\t<ul id=\"menu-2-d0f7413\" class=\"elementor-nav-menu\"><li class=\"menu-item menu-item-type-post_type menu-item-object-page menu-item-home menu-item-5814\"><a href=\"https:\/\/mithe-espelt.online\/en\/\" title=\"&lt;span class=&quot;dashicons dashicons-admin-home&quot;&gt;&lt;\/span&gt;\" class=\"elementor-item\" tabindex=\"-1\"><span class=\"dashicons dashicons-admin-home\"><\/span><\/a><\/li>\n<li class=\"legendes menu-item menu-item-type-post_type menu-item-object-page menu-item-415\"><a href=\"https:\/\/mithe-espelt.online\/en\/legendes\/\" title=\"Tales\" class=\"elementor-item\" tabindex=\"-1\">Tales<\/a><\/li>\n<li class=\"tresors menu-item menu-item-type-post_type menu-item-object-page menu-item-414\"><a href=\"https:\/\/mithe-espelt.online\/en\/tresors\/\" title=\"Treasures\" class=\"elementor-item\" tabindex=\"-1\">Treasures<\/a><\/li>\n<li class=\"news menu-item menu-item-type-post_type menu-item-object-page menu-item-413\"><a href=\"https:\/\/mithe-espelt.online\/en\/news\/\" title=\"News\" class=\"elementor-item\" tabindex=\"-1\">News<\/a><\/li>\n<li class=\"menu-item menu-item-type-post_type menu-item-object-product menu-item-7398\"><a href=\"https:\/\/mithe-espelt.online\/en\/product\/mithe-espelt-le-luxe-discret-du-quotidien\/\" title=\"Livre-Mith\u00e9 ESPELT \u2013 Le luxe discret du quotidien\" class=\"elementor-item\" tabindex=\"-1\">Book<\/a><\/li>\n<li class=\"menu-item menu-item-type-post_type menu-item-object-page menu-item-7816\"><a href=\"https:\/\/mithe-espelt.online\/en\/tresors\/expertise\/\" title=\"Expertise\" class=\"elementor-item\" tabindex=\"-1\">Expertise<\/a><\/li>\n<li class=\"footer-contact menu-item menu-item-type-custom menu-item-object-custom menu-item-5021\"><a href=\"#\" title=\"Contact\" class=\"elementor-item elementor-item-anchor\" tabindex=\"-1\">Contact<\/a><\/li>\n<\/ul>\t\t\t<\/nav>\n\t\t\t\t\t\t<\/div>\n\t\t\t\t<\/div>\n\t\t\t\t\t<\/div>\n\t\t<\/div>\n\t\t\t\t<div class=\"elementor-column elementor-col-50 elementor-inner-column elementor-element elementor-element-47ccfdd\" data-id=\"47ccfdd\" data-element_type=\"column\" data-e-type=\"column\">\n\t\t\t<div class=\"elementor-widget-wrap elementor-element-populated\">\n\t\t\t\t\t\t<div class=\"elementor-element elementor-element-0e3fcde elementor-nav-menu__align-end elementor-nav-menu--dropdown-none elementor-widget elementor-widget-nav-menu\" data-id=\"0e3fcde\" data-element_type=\"widget\" data-e-type=\"widget\" data-settings=\"{&quot;layout&quot;:&quot;horizontal&quot;,&quot;submenu_icon&quot;:{&quot;value&quot;:&quot;&lt;i class=\\&quot;fas fa-caret-down\\&quot;&gt;&lt;\\\/i&gt;&quot;,&quot;library&quot;:&quot;fa-solid&quot;}}\" data-widget_type=\"nav-menu.default\">\n\t\t\t\t<div class=\"elementor-widget-container\">\n\t\t\t\t\t\t\t\t<nav aria-label=\"Menu\" class=\"elementor-nav-menu--main elementor-nav-menu__container elementor-nav-menu--layout-horizontal e--pointer-none\">\n\t\t\t\t<ul id=\"menu-1-0e3fcde\" class=\"elementor-nav-menu\"><li class=\"tresors-bijoux menu-item menu-item-type-post_type menu-item-object-page menu-item-1364\"><a href=\"https:\/\/mithe-espelt.online\/en\/tresors\/bijoux\/\" title=\"Jewels\" class=\"elementor-item\">Jewels<\/a><\/li>\n<li class=\"tresors-coffrets menu-item menu-item-type-post_type menu-item-object-page menu-item-991\"><a href=\"https:\/\/mithe-espelt.online\/en\/tresors\/coffrets\/\" title=\"Chests\" class=\"elementor-item\">Chests<\/a><\/li>\n<li class=\"tresors-miroirs menu-item menu-item-type-post_type menu-item-object-page menu-item-990\"><a href=\"https:\/\/mithe-espelt.online\/en\/tresors\/miroirs\/\" title=\"Mirrors\" class=\"elementor-item\">Mirrors<\/a><\/li>\n<\/ul>\t\t\t<\/nav>\n\t\t\t\t\t\t<nav class=\"elementor-nav-menu--dropdown elementor-nav-menu__container\" aria-hidden=\"true\">\n\t\t\t\t<ul id=\"menu-2-0e3fcde\" class=\"elementor-nav-menu\"><li class=\"tresors-bijoux menu-item menu-item-type-post_type menu-item-object-page menu-item-1364\"><a href=\"https:\/\/mithe-espelt.online\/en\/tresors\/bijoux\/\" title=\"Jewels\" class=\"elementor-item\" tabindex=\"-1\">Jewels<\/a><\/li>\n<li class=\"tresors-coffrets menu-item menu-item-type-post_type menu-item-object-page menu-item-991\"><a href=\"https:\/\/mithe-espelt.online\/en\/tresors\/coffrets\/\" title=\"Chests\" class=\"elementor-item\" tabindex=\"-1\">Chests<\/a><\/li>\n<li class=\"tresors-miroirs menu-item menu-item-type-post_type menu-item-object-page menu-item-990\"><a href=\"https:\/\/mithe-espelt.online\/en\/tresors\/miroirs\/\" title=\"Mirrors\" class=\"elementor-item\" tabindex=\"-1\">Mirrors<\/a><\/li>\n<\/ul>\t\t\t<\/nav>\n\t\t\t\t\t\t<\/div>\n\t\t\t\t<\/div>\n\t\t\t\t\t<\/div>\n\t\t<\/div>\n\t\t\t\t\t<\/div>\n\t\t<\/section>\n\t\t\t\t<div class=\"elementor-element elementor-element-fbd76d3 elementor-widget elementor-widget-html\" data-id=\"fbd76d3\" data-element_type=\"widget\" data-e-type=\"widget\" data-widget_type=\"html.default\">\n\t\t\t\t<div class=\"elementor-widget-container\">\n\t\t\t\t\t<script>\r\n    jQuery(document).ready(function( $ ){\r\n        $('.tresors a').addClass('elementor-item-active');\r\n    });\r\n<\/script>\t\t\t\t<\/div>\n\t\t\t\t<\/div>\n\t\t\t\t<section class=\"elementor-section elementor-inner-section elementor-element elementor-element-6ef94238 elementor-section-boxed elementor-section-height-default elementor-section-height-default\" data-id=\"6ef94238\" data-element_type=\"section\" data-e-type=\"section\">\n\t\t\t\t\t\t<div class=\"elementor-container elementor-column-gap-default\">\n\t\t\t\t\t<div class=\"elementor-column elementor-col-66 elementor-inner-column elementor-element elementor-element-45e8432e\" data-id=\"45e8432e\" data-element_type=\"column\" data-e-type=\"column\">\n\t\t\t<div class=\"elementor-widget-wrap elementor-element-populated\">\n\t\t\t\t\t\t<div class=\"elementor-element elementor-element-75a7e835 elementor-widget elementor-widget-gallery\" data-id=\"75a7e835\" data-element_type=\"widget\" data-e-type=\"widget\" data-settings=\"{&quot;columns&quot;:2,&quot;lazyload&quot;:&quot;yes&quot;,&quot;gallery_layout&quot;:&quot;grid&quot;,&quot;columns_tablet&quot;:2,&quot;columns_mobile&quot;:1,&quot;gap&quot;:{&quot;unit&quot;:&quot;px&quot;,&quot;size&quot;:10,&quot;sizes&quot;:[]},&quot;gap_tablet&quot;:{&quot;unit&quot;:&quot;px&quot;,&quot;size&quot;:10,&quot;sizes&quot;:[]},&quot;gap_mobile&quot;:{&quot;unit&quot;:&quot;px&quot;,&quot;size&quot;:10,&quot;sizes&quot;:[]},&quot;link_to&quot;:&quot;file&quot;,&quot;aspect_ratio&quot;:&quot;3:2&quot;,&quot;overlay_background&quot;:&quot;yes&quot;,&quot;content_hover_animation&quot;:&quot;fade-in&quot;}\" data-widget_type=\"gallery.default\">\n\t\t\t\t<div class=\"elementor-widget-container\">\n\t\t\t\t\t\t\t<div class=\"elementor-gallery__container\">\n\t\t\t\t\t\t\t<a class=\"e-gallery-item elementor-gallery-item elementor-animated-content\" href=\"https:\/\/mithe-espelt.online\/wp-content\/uploads\/2021\/02\/SLIDE-LIVRES-1.jpg\" data-elementor-open-lightbox=\"yes\" data-elementor-lightbox-slideshow=\"75a7e835\" data-e-action-hash=\"#elementor-action%3Aaction%3Dlightbox%26settings%3DeyJpZCI6MTAxNiwidXJsIjoiaHR0cHM6XC9cL21pdGhlLWVzcGVsdC5vbmxpbmVcL3dwLWNvbnRlbnRcL3VwbG9hZHNcLzIwMjFcLzAyXC9TTElERS1MSVZSRVMtMS5qcGciLCJzbGlkZXNob3ciOiI3NWE3ZTgzNSJ9\">\n\t\t\t\t\t<div class=\"e-gallery-image elementor-gallery-item__image\" data-thumbnail=\"https:\/\/mithe-espelt.online\/wp-content\/uploads\/2021\/02\/SLIDE-LIVRES-1.jpg\" data-width=\"661\" data-height=\"780\" aria-label=\"\" role=\"img\" ><\/div>\n\t\t\t\t\t\t\t\t\t\t\t<div class=\"elementor-gallery-item__overlay\"><\/div>\n\t\t\t\t\t\t\t\t\t\t\t\t\t\t<\/a>\n\t\t\t\t\t\t\t<a class=\"e-gallery-item elementor-gallery-item elementor-animated-content\" href=\"https:\/\/mithe-espelt.online\/wp-content\/uploads\/2022\/01\/LIVRE-MITHE-ESPELT-TITRE.jpg\" data-elementor-open-lightbox=\"yes\" data-elementor-lightbox-slideshow=\"75a7e835\" data-e-action-hash=\"#elementor-action%3Aaction%3Dlightbox%26settings%3DeyJpZCI6NDMzOCwidXJsIjoiaHR0cHM6XC9cL21pdGhlLWVzcGVsdC5vbmxpbmVcL3dwLWNvbnRlbnRcL3VwbG9hZHNcLzIwMjJcLzAxXC9MSVZSRS1NSVRIRS1FU1BFTFQtVElUUkUuanBnIiwic2xpZGVzaG93IjoiNzVhN2U4MzUifQ%3D%3D\">\n\t\t\t\t\t<div class=\"e-gallery-image elementor-gallery-item__image\" data-thumbnail=\"https:\/\/mithe-espelt.online\/wp-content\/uploads\/2022\/01\/LIVRE-MITHE-ESPELT-TITRE-1024x768.jpg\" data-width=\"800\" data-height=\"600\" aria-label=\"\" role=\"img\" ><\/div>\n\t\t\t\t\t\t\t\t\t\t\t<div class=\"elementor-gallery-item__overlay\"><\/div>\n\t\t\t\t\t\t\t\t\t\t\t\t\t\t<\/a>\n\t\t\t\t\t\t\t<a class=\"e-gallery-item elementor-gallery-item elementor-animated-content\" href=\"https:\/\/mithe-espelt.online\/wp-content\/uploads\/2021\/02\/slide-LIVRES-2.jpg\" data-elementor-open-lightbox=\"yes\" data-elementor-lightbox-slideshow=\"75a7e835\" data-e-action-hash=\"#elementor-action%3Aaction%3Dlightbox%26settings%3DeyJpZCI6MTAxNywidXJsIjoiaHR0cHM6XC9cL21pdGhlLWVzcGVsdC5vbmxpbmVcL3dwLWNvbnRlbnRcL3VwbG9hZHNcLzIwMjFcLzAyXC9zbGlkZS1MSVZSRVMtMi5qcGciLCJzbGlkZXNob3ciOiI3NWE3ZTgzNSJ9\">\n\t\t\t\t\t<div class=\"e-gallery-image elementor-gallery-item__image\" data-thumbnail=\"https:\/\/mithe-espelt.online\/wp-content\/uploads\/2021\/02\/slide-LIVRES-2.jpg\" data-width=\"661\" data-height=\"780\" aria-label=\"\" role=\"img\" ><\/div>\n\t\t\t\t\t\t\t\t\t\t\t<div class=\"elementor-gallery-item__overlay\"><\/div>\n\t\t\t\t\t\t\t\t\t\t\t\t\t\t<\/a>\n\t\t\t\t\t\t\t<a class=\"e-gallery-item elementor-gallery-item elementor-animated-content\" href=\"https:\/\/mithe-espelt.online\/wp-content\/uploads\/2021\/02\/SLIDE-LIVRES-3.jpg\" data-elementor-open-lightbox=\"yes\" data-elementor-lightbox-slideshow=\"75a7e835\" data-e-action-hash=\"#elementor-action%3Aaction%3Dlightbox%26settings%3DeyJpZCI6MTAxOCwidXJsIjoiaHR0cHM6XC9cL21pdGhlLWVzcGVsdC5vbmxpbmVcL3dwLWNvbnRlbnRcL3VwbG9hZHNcLzIwMjFcLzAyXC9TTElERS1MSVZSRVMtMy5qcGciLCJzbGlkZXNob3ciOiI3NWE3ZTgzNSJ9\">\n\t\t\t\t\t<div class=\"e-gallery-image elementor-gallery-item__image\" data-thumbnail=\"https:\/\/mithe-espelt.online\/wp-content\/uploads\/2021\/02\/SLIDE-LIVRES-3.jpg\" data-width=\"661\" data-height=\"780\" aria-label=\"\" role=\"img\" ><\/div>\n\t\t\t\t\t\t\t\t\t\t\t<div class=\"elementor-gallery-item__overlay\"><\/div>\n\t\t\t\t\t\t\t\t\t\t\t\t\t\t<\/a>\n\t\t\t\t\t\t\t<a class=\"e-gallery-item elementor-gallery-item elementor-animated-content\" href=\"https:\/\/mithe-espelt.online\/wp-content\/uploads\/2021\/02\/SLIDE-LIVRES-4.jpg\" data-elementor-open-lightbox=\"yes\" data-elementor-lightbox-slideshow=\"75a7e835\" data-e-action-hash=\"#elementor-action%3Aaction%3Dlightbox%26settings%3DeyJpZCI6MTAxOSwidXJsIjoiaHR0cHM6XC9cL21pdGhlLWVzcGVsdC5vbmxpbmVcL3dwLWNvbnRlbnRcL3VwbG9hZHNcLzIwMjFcLzAyXC9TTElERS1MSVZSRVMtNC5qcGciLCJzbGlkZXNob3ciOiI3NWE3ZTgzNSJ9\">\n\t\t\t\t\t<div class=\"e-gallery-image elementor-gallery-item__image\" data-thumbnail=\"https:\/\/mithe-espelt.online\/wp-content\/uploads\/2021\/02\/SLIDE-LIVRES-4.jpg\" data-width=\"661\" data-height=\"780\" aria-label=\"\" role=\"img\" ><\/div>\n\t\t\t\t\t\t\t\t\t\t\t<div class=\"elementor-gallery-item__overlay\"><\/div>\n\t\t\t\t\t\t\t\t\t\t\t\t\t\t<\/a>\n\t\t\t\t\t<\/div>\n\t\t\t\t\t<\/div>\n\t\t\t\t<\/div>\n\t\t\t\t\t<\/div>\n\t\t<\/div>\n\t\t\t\t<div class=\"elementor-column elementor-col-33 elementor-inner-column elementor-element elementor-element-6f70334f\" data-id=\"6f70334f\" data-element_type=\"column\" data-e-type=\"column\">\n\t\t\t<div class=\"elementor-widget-wrap elementor-element-populated\">\n\t\t\t\t\t\t<div class=\"elementor-element elementor-element-70ca6314 elementor-widget elementor-widget-heading\" data-id=\"70ca6314\" data-element_type=\"widget\" data-e-type=\"widget\" data-widget_type=\"heading.default\">\n\t\t\t\t<div class=\"elementor-widget-container\">\n\t\t\t\t\t<h2 class=\"elementor-heading-title elementor-size-default\">MITH\u00c9 ESPELT<\/h2>\t\t\t\t<\/div>\n\t\t\t\t<\/div>\n\t\t\t\t<div class=\"elementor-element elementor-element-4c776588 elementor-widget elementor-widget-text-editor\" data-id=\"4c776588\" data-element_type=\"widget\" data-e-type=\"widget\" data-widget_type=\"text-editor.default\">\n\t\t\t\t<div class=\"elementor-widget-container\">\n\t\t\t\t\t\t\t\t\t<p>The Discreet Luxury of the Everyday<\/p>\t\t\t\t\t\t\t\t<\/div>\n\t\t\t\t<\/div>\n\t\t\t\t<div class=\"elementor-element elementor-element-22147447 elementor-widget elementor-widget-text-editor\" data-id=\"22147447\" data-element_type=\"widget\" data-e-type=\"widget\" data-widget_type=\"text-editor.default\">\n\t\t\t\t<div class=\"elementor-widget-container\">\n\t\t\t\t\t\t\t\t\t<p class=\"translation-block\">The bestselling book by Antoine Candau lifts the veil on the artist Mith\u00e9 Espelt\u2019s fascinating avant-garde journey.<br>\nFar from being a specialist book aimed solely at connoisseurs, \u00ab\u00a0The Discreet Luxury\u00a0\u00bb reads like a novel, while bringing a fresh perspective on ceramic art in post-war France.<\/p>\t\t\t\t\t\t\t\t<\/div>\n\t\t\t\t<\/div>\n\t\t\t\t<div class=\"elementor-element elementor-element-51aae1f8 elementor-widget elementor-widget-button\" data-id=\"51aae1f8\" data-element_type=\"widget\" data-e-type=\"widget\" data-widget_type=\"button.default\">\n\t\t\t\t<div class=\"elementor-widget-container\">\n\t\t\t\t\t\t\t\t\t<div class=\"elementor-button-wrapper\">\n\t\t\t\t\t<a class=\"elementor-button elementor-button-link elementor-size-sm\" href=\"https:\/\/mithe-espelt.online\/en\/product\/mithe-espelt-le-luxe-discret-du-quotidien\/\">\n\t\t\t\t\t\t<span class=\"elementor-button-content-wrapper\">\n\t\t\t\t\t\t\t\t\t<span class=\"elementor-button-text\">DISCOVER MORE<\/span>\n\t\t\t\t\t<\/span>\n\t\t\t\t\t<\/a>\n\t\t\t\t<\/div>\n\t\t\t\t\t\t\t\t<\/div>\n\t\t\t\t<\/div>\n\t\t\t\t\t<\/div>\n\t\t<\/div>\n\t\t\t\t\t<\/div>\n\t\t<\/section>\n\t\t\t\t\t<\/div>\n\t\t<\/div>\n\t\t\t\t<div class=\"elementor-column elementor-col-33 elementor-top-column elementor-element elementor-element-c404090\" data-id=\"c404090\" data-element_type=\"column\" data-e-type=\"column\" data-settings=\"{&quot;background_background&quot;:&quot;classic&quot;}\">\n\t\t\t<div class=\"elementor-widget-wrap\">\n\t\t\t\t\t\t\t<\/div>\n\t\t<\/div>\n\t\t\t\t\t<\/div>\n\t\t<\/section>\n\t\t\t\t<\/div>","protected":false},"excerpt":{"rendered":"<p>MITH\u00c9 ESPELT Le Luxe Discret du Quotidien Dans cet ouvrage publi\u00e9 en septembre 2020, et vite devenu une r\u00e9f\u00e9rence incontournable, Antoine Candau l\u00e9ve le voile sur l\u2019incroyable destin d\u2019une artiste d\u2019avant-garde, Mith\u00e9 Espelt. Loin d\u2019\u00eatre r\u00e9serv\u00e9 aux initi\u00e9s, ce livre se lit comme un roman et vous entraine dans la v\u00e9ritable saga que fut la [&hellip;]<\/p>\n","protected":false},"author":2,"featured_media":0,"parent":0,"menu_order":0,"comment_status":"closed","ping_status":"closed","template":"","meta":{"footnotes":""},"class_list":["post-4364","page","type-page","status-publish","hentry"],"_links":{"self":[{"href":"https:\/\/mithe-espelt.online\/en\/wp-json\/wp\/v2\/pages\/4364","targetHints":{"allow":["GET"]}}],"collection":[{"href":"https:\/\/mithe-espelt.online\/en\/wp-json\/wp\/v2\/pages"}],"about":[{"href":"https:\/\/mithe-espelt.online\/en\/wp-json\/wp\/v2\/types\/page"}],"author":[{"embeddable":true,"href":"https:\/\/mithe-espelt.online\/en\/wp-json\/wp\/v2\/users\/2"}],"replies":[{"embeddable":true,"href":"https:\/\/mithe-espelt.online\/en\/wp-json\/wp\/v2\/comments?post=4364"}],"version-history":[{"count":11,"href":"https:\/\/mithe-espelt.online\/en\/wp-json\/wp\/v2\/pages\/4364\/revisions"}],"predecessor-version":[{"id":4486,"href":"https:\/\/mithe-espelt.online\/en\/wp-json\/wp\/v2\/pages\/4364\/revisions\/4486"}],"wp:attachment":[{"href":"https:\/\/mithe-espelt.online\/en\/wp-json\/wp\/v2\/media?parent=4364"}],"curies":[{"name":"wp","href":"https:\/\/api.w.org\/{rel}","templated":true}]}}